{"id":27005,"date":"2024-03-28T12:48:11","date_gmt":"2024-03-28T12:48:11","guid":{"rendered":"https:\/\/amity.keydesign.xyz\/community\/?page_id=27005"},"modified":"2025-01-02T18:25:38","modified_gmt":"2025-01-02T18:25:38","slug":"terminos-y-condiciones","status":"publish","type":"page","link":"https:\/\/fundacionagrolibano.org\/en\/terminos-y-condiciones\/","title":{"rendered":"Terms and Conditions"},"content":{"rendered":"<div data-elementor-type=\"wp-page\" data-elementor-id=\"27005\" class=\"elementor elementor-27005\">\n\t\t\t\t<div class=\"elementor-element elementor-element-ace5412 e-flex e-con-boxed e-con e-parent\" data-id=\"ace5412\" data-element_type=\"container\" data-e-type=\"container\" data-settings=\"{&quot;background_background&quot;:&quot;classic&quot;}\">\n\t\t\t\t\t<div class=\"e-con-inner\">\n\t\t<div class=\"elementor-element elementor-element-4197e07 e-con-full e-flex e-con e-child\" data-id=\"4197e07\" data-element_type=\"container\" data-e-type=\"container\">\n\t\t\t\t<div class=\"elementor-element elementor-element-3a99a3a elementor-widget elementor-widget-elementskit-heading\" data-id=\"3a99a3a\" data-element_type=\"widget\" data-e-type=\"widget\" data-settings=\"{&quot;ekit_we_effect_on&quot;:&quot;css&quot;}\" data-widget_type=\"elementskit-heading.default\">\n\t\t\t\t<div class=\"elementor-widget-container\">\n\t\t\t\t\t<div class=\"ekit-wid-con\" ><div class=\"ekit-heading elementskit-section-title-wraper text_left   ekit_heading_tablet-   ekit_heading_mobile-\"><h1 class=\"ekit-heading--title elementskit-section-title\">Terms and Conditions<\/h1><\/div><\/div>\t\t\t\t<\/div>\n\t\t\t\t<\/div>\n\t\t\t\t<\/div>\n\t\t\t\t\t<\/div>\n\t\t\t\t<\/div>\n\t\t<div class=\"elementor-element elementor-element-5d15118 e-flex e-con-boxed e-con e-parent\" data-id=\"5d15118\" data-element_type=\"container\" data-e-type=\"container\" data-settings=\"{&quot;animation&quot;:&quot;none&quot;}\">\n\t\t\t\t\t<div class=\"e-con-inner\">\n\t\t<div class=\"elementor-element elementor-element-40ff7d7 e-con-full elementor-hidden-tablet elementor-hidden-mobile e-flex e-con e-child\" data-id=\"40ff7d7\" data-element_type=\"container\" data-e-type=\"container\">\n\t\t<div class=\"elementor-element elementor-element-6b7ae4e e-con-full ekit-sticky--top e-flex e-con e-child\" data-id=\"6b7ae4e\" data-element_type=\"container\" data-e-type=\"container\" data-settings=\"{&quot;ekit_sticky&quot;:&quot;top&quot;,&quot;ekit_sticky_offset&quot;:{&quot;unit&quot;:&quot;px&quot;,&quot;size&quot;:175,&quot;sizes&quot;:[]},&quot;ekit_sticky_until&quot;:&quot;section5&quot;,&quot;ekit_sticky_offset_tablet&quot;:{&quot;unit&quot;:&quot;px&quot;,&quot;size&quot;:&quot;&quot;,&quot;sizes&quot;:[]},&quot;ekit_sticky_offset_mobile&quot;:{&quot;unit&quot;:&quot;px&quot;,&quot;size&quot;:&quot;&quot;,&quot;sizes&quot;:[]},&quot;ekit_sticky_on_desktop&quot;:&quot;desktop&quot;,&quot;ekit_sticky_effect_offset&quot;:{&quot;unit&quot;:&quot;px&quot;,&quot;size&quot;:0,&quot;sizes&quot;:[]},&quot;ekit_sticky_effect_offset_tablet&quot;:{&quot;unit&quot;:&quot;px&quot;,&quot;size&quot;:&quot;&quot;,&quot;sizes&quot;:[]},&quot;ekit_sticky_effect_offset_mobile&quot;:{&quot;unit&quot;:&quot;px&quot;,&quot;size&quot;:&quot;&quot;,&quot;sizes&quot;:[]}}\">\n\t\t\t\t<div class=\"elementor-element elementor-element-0e77aa4 sticky-navigation elementor-hidden-tablet elementor-hidden-mobile elementor-widget elementor-widget-elementskit-stylish-list\" data-id=\"0e77aa4\" data-element_type=\"widget\" data-e-type=\"widget\" data-settings=\"{&quot;ekit_we_effect_on&quot;:&quot;none&quot;}\" data-widget_type=\"elementskit-stylish-list.default\">\n\t\t\t\t<div class=\"elementor-widget-container\">\n\t\t\t\t\t<div class=\"ekit-wid-con\">\t\t<ul class=\"ekit-stylish-list\" >\n\t\t\t\t\t\t\t<li class=\"ekit-stylish-list-content-wrapper elementor-repeater-item-dbd1c0d\" >\n\t\t\t\t\t\t\t\t\t\t\t<a class=\"ekit-wrapper-link\" href=\"#section1\"><\/a>\n\t\t\t\t\t\t\t\t\t\t<div class=\"ekit-stylish-list-content\">\n\t\t\t\t\t\t\t\t\t\t\t\t\t\t\t\t\t\t\t\t\t\t\t\t<div class=\"ekit-stylish-list-content-text\">\n\t\t\t\t\t\t\t<span class=\"ekit-stylish-list-content-title\">Nuestros t\u00e9rminos y condiciones<\/span>\n\t\t\t\t\t\t\t\t\t\t\t\t\t<\/div>\n\t\t\t\t\t\t\t\t\t\t\t<\/div>\n\t\t\t\t\t\n\t\t\t\t<\/li>\n\t\t\t\t\t\t\t\t\t<\/ul>\n\t<\/div>\t\t\t\t<\/div>\n\t\t\t\t<\/div>\n\t\t\t\t<\/div>\n\t\t\t\t<\/div>\n\t\t<div class=\"elementor-element elementor-element-d74ca16 e-con-full e-flex e-con e-child\" data-id=\"d74ca16\" data-element_type=\"container\" data-e-type=\"container\">\n\t\t<div class=\"elementor-element elementor-element-4a0b692 e-con-full sticky-section e-flex e-con e-child\" data-id=\"4a0b692\" data-element_type=\"container\" data-e-type=\"container\" id=\"section1\">\n\t\t<div class=\"elementor-element elementor-element-f1b104d e-con-full e-flex e-con e-child\" data-id=\"f1b104d\" data-element_type=\"container\" data-e-type=\"container\">\n\t\t\t\t<div class=\"elementor-element elementor-element-63e69bb elementor-widget elementor-widget-elementskit-heading\" data-id=\"63e69bb\" data-element_type=\"widget\" data-e-type=\"widget\" data-settings=\"{&quot;ekit_we_effect_on&quot;:&quot;none&quot;}\" data-widget_type=\"elementskit-heading.default\">\n\t\t\t\t<div class=\"elementor-widget-container\">\n\t\t\t\t\t<div class=\"ekit-wid-con\" ><div class=\"ekit-heading elementskit-section-title-wraper text_left   ekit_heading_tablet-   ekit_heading_mobile-\"><h3 class=\"ekit-heading--title elementskit-section-title\">Nuestros t\u00e9rminos y condiciones<\/h3><\/div><\/div>\t\t\t\t<\/div>\n\t\t\t\t<\/div>\n\t\t\t\t<\/div>\n\t\t<div class=\"elementor-element elementor-element-8ea3ba3 e-con-full e-flex e-con e-child\" data-id=\"8ea3ba3\" data-element_type=\"container\" data-e-type=\"container\">\n\t\t\t\t<div class=\"elementor-element elementor-element-2659259 elementor-widget elementor-widget-text-editor\" data-id=\"2659259\" data-element_type=\"widget\" data-e-type=\"widget\" data-settings=\"{&quot;ekit_we_effect_on&quot;:&quot;none&quot;}\" data-widget_type=\"text-editor.default\">\n\t\t\t\t<div class=\"elementor-widget-container\">\n\t\t\t\t\t\t\t\t\t<ol><li>Su uso de este sitio constituye su aceptaci\u00f3n de estos T\u00e9rminos y Condiciones.<\/li><li>Usted acepta usar este sitio s\u00f3lo para prop\u00f3sitos legales, y de forma que no infrinja los derechos de Fundaci\u00f3n Agrol\u00edbano u otras terceras partes (incluyendo a ni\u00f1as y ni\u00f1os, personal voluntario, agentes comunitarios, organizaciones locales, entidades aliadas, entre otras), o el uso y disfrute del sitio por terceras personas.<\/li><li>Fundaci\u00f3n Agrol\u00edbano no ser\u00e1 responsable, en ning\u00fan caso, por da\u00f1o alguno incluyendo, entre otros, da\u00f1os directos, indirectos, o consecuentes, que surjan de cualquier forma derivados de, o en relaci\u00f3n con, el uso o p\u00e9rdida de uso del sitio, o de alg\u00fan contenido en el sitio.<\/li><li>Fundaci\u00f3n Agrol\u00edbano puede cambiar estos T\u00e9rminos y Condiciones en cualquier momento publicando los cambios en l\u00ednea bajo esta secci\u00f3n \u201cT\u00e9rminos y Condiciones\u201d. Su uso continuado de este sitio despu\u00e9s de que los cambios han sido publicados constituye su aceptaci\u00f3n de los t\u00e9rminos modificados.<\/li><li>Fundaci\u00f3n Agrol\u00edbano no garantiza que los servicios y funciones del sitio est\u00e9n libres de error o sean ininterrumpidos, que el sitio o el servidor que los pongan a su disposici\u00f3n est\u00e9n libres de virus o errores, que los defectos ser\u00e1n corregidos, o que el contenido del sitio sea preciso o est\u00e9 completo.<\/li><li>Fundaci\u00f3n Agrol\u00edbano no asume responsabilidad alguna sobre el contenido de sitios externos de Internet vinculados a, o citados en, este sitio.<\/li><li>Cualquier comunicaci\u00f3n o material que usted transmita a, o publique en, cualquier \u00e1rea p\u00fablica de este sito ser\u00e1 tratada como no confidencial y sin limitaciones de propiedad intelectual a menos que Fundacion Agrol\u00edbano establezca lo contrario. Nos reservamos el derecho de eliminar, sin notificaci\u00f3n alguna, cualquier material publicado en las \u00e1reas del sitio.<\/li><li>Se le informa que, para respetar la privacidad de las ni\u00f1as y los ni\u00f1os con quienes trabajamos, las fotograf\u00edas y nombres utilizados en este sitio no necesariamente son los de las ni\u00f1as y los ni\u00f1os en cuesti\u00f3n.<\/li><li>Estos T\u00e9rminos y Condiciones deber\u00e1n regirse e interpretarse de acuerdo con las leyes de Honduras. Cualquier discrepancia ser\u00e1 sujeta a la jurisdicci\u00f3n exclusiva de los Tribunales del pa\u00eds.<\/li><\/ol><p>Si usted no acepta estos T\u00e9rminos y Condiciones en su totalidad, debe dejar de utilizar este sitio inmediatamente. Nos reservamos el derecho de impedirle el acceso a este sitio, sin perjuicio de cualquiera de nuestros otros derechos, si consideramos que usted ha infringido cualquiera de estos T\u00e9rminos y Condiciones.<\/p>\t\t\t\t\t\t\t\t<\/div>\n\t\t\t\t<\/div>\n\t\t\t\t<\/div>\n\t\t\t\t<\/div>\n\t\t\t\t<\/div>\n\t\t\t\t\t<\/div>\n\t\t\t\t<\/div>\n\t\t\t\t<\/div>","protected":false},"excerpt":{"rendered":"<p>T\u00e9rminos y Condiciones Nuestros t\u00e9rminos y condiciones Nuestros t\u00e9rminos y condiciones Su uso de este sitio constituye su aceptaci\u00f3n de estos T\u00e9rminos y Condiciones. Usted acepta usar este sitio s\u00f3lo para prop\u00f3sitos legales, y de forma que no infrinja los derechos de Fundaci\u00f3n Agrol\u00edbano u otras terceras partes (incluyendo a ni\u00f1as y ni\u00f1os, personal voluntario, [&hellip;]<\/p>\n","protected":false},"author":3,"featured_media":0,"parent":0,"menu_order":0,"comment_status":"closed","ping_status":"closed","template":"","meta":{"footnotes":""},"class_list":["post-27005","page","type-page","status-publish","hentry"],"_links":{"self":[{"href":"https:\/\/fundacionagrolibano.org\/en\/wp-json\/wp\/v2\/pages\/27005","targetHints":{"allow":["GET"]}}],"collection":[{"href":"https:\/\/fundacionagrolibano.org\/en\/wp-json\/wp\/v2\/pages"}],"about":[{"href":"https:\/\/fundacionagrolibano.org\/en\/wp-json\/wp\/v2\/types\/page"}],"author":[{"embeddable":true,"href":"https:\/\/fundacionagrolibano.org\/en\/wp-json\/wp\/v2\/users\/3"}],"replies":[{"embeddable":true,"href":"https:\/\/fundacionagrolibano.org\/en\/wp-json\/wp\/v2\/comments?post=27005"}],"version-history":[{"count":7,"href":"https:\/\/fundacionagrolibano.org\/en\/wp-json\/wp\/v2\/pages\/27005\/revisions"}],"predecessor-version":[{"id":29079,"href":"https:\/\/fundacionagrolibano.org\/en\/wp-json\/wp\/v2\/pages\/27005\/revisions\/29079"}],"wp:attachment":[{"href":"https:\/\/fundacionagrolibano.org\/en\/wp-json\/wp\/v2\/media?parent=27005"}],"curies":[{"name":"wp","href":"https:\/\/api.w.org\/{rel}","templated":true}]}}